{"id":93,"date":"2019-08-21T03:34:31","date_gmt":"2019-08-21T01:34:31","guid":{"rendered":"https:\/\/nzr91842604.wordpress.com\/?page_id=93"},"modified":"2019-08-22T10:05:30","modified_gmt":"2019-08-22T10:05:30","slug":"presseberichte","status":"publish","type":"page","link":"https:\/\/nz-rohrdorf.de\/?page_id=93","title":{"rendered":"Presseberichte"},"content":{"rendered":"\n<p>Hier finden Sie ein kleines Archiv an Zeitungsberichte \u00fcber die Narrenzunft Rohrdorf. <\/p>\n\n\n\n<table class=\"wp-block-table\"><tbody><tr><td> <a href=\"http:\/\/54163567.swh.strato-hosting.eu\/httpdocs\/presseberichte87.htm\">Fr\u00fchere Zeitungsberichte \u00fcber<\/a><br><a href=\"http:\/\/54163567.swh.strato-hosting.eu\/httpdocs\/presseberichte87.htm\"> die Eierknacker <strong>1987,88,89<\/strong><\/a> <\/td><td> <a href=\"http:\/\/54163567.swh.strato-hosting.eu\/httpdocs\/presseberichte1994.htm\" target=\"_blank\" rel=\"noreferrer noopener\" aria-label=\"Presseberichte aus dem Jahr \n1994 &amp; 1995  (\u00f6ffnet in neuem Tab)\">Presseberichte aus dem Jahr <br><\/a><strong><a href=\"http:\/\/54163567.swh.strato-hosting.eu\/httpdocs\/presseberichte1994.htm\" target=\"_blank\" rel=\"noreferrer noopener\" aria-label=\"Presseberichte aus dem Jahr \n1994 &amp; 1995  (\u00f6ffnet in neuem Tab)\">1994 &amp; 1995<\/a><\/strong><a href=\"http:\/\/54163567.swh.strato-hosting.eu\/httpdocs\/presseberichte1994.htm\" target=\"_blank\" rel=\"noreferrer noopener\" aria-label=\"Presseberichte aus dem Jahr \n1994 &amp; 1995  (\u00f6ffnet in neuem Tab)\"> <\/a><\/td><\/tr><tr><td> <a href=\"http:\/\/54163567.swh.strato-hosting.eu\/httpdocs\/presseberichte1996.htm\" target=\"_blank\" rel=\"noreferrer noopener\" aria-label=\"Presseberichte aus dem Jahr 1996 (\u00f6ffnet in neuem Tab)\">Presseberichte aus dem Jahr <\/a><strong><a href=\"http:\/\/54163567.swh.strato-hosting.eu\/httpdocs\/presseberichte1996.htm\" target=\"_blank\" rel=\"noreferrer noopener\" aria-label=\"Presseberichte aus dem Jahr 1996 (\u00f6ffnet in neuem Tab)\">1996<\/a><\/strong> <\/td><td> <a href=\"http:\/\/54163567.swh.strato-hosting.eu\/httpdocs\/presseberichte1997.htm\" target=\"_blank\" rel=\"noreferrer noopener\" aria-label=\"Presseberichte aus dem Jahr 1997  (\u00f6ffnet in neuem Tab)\">Presseberichte aus dem Jahr <\/a><strong><a href=\"http:\/\/54163567.swh.strato-hosting.eu\/httpdocs\/presseberichte1997.htm\" target=\"_blank\" rel=\"noreferrer noopener\" aria-label=\"Presseberichte aus dem Jahr 1997  (\u00f6ffnet in neuem Tab)\">1997<\/a><\/strong><a href=\"http:\/\/54163567.swh.strato-hosting.eu\/httpdocs\/presseberichte1997.htm\" target=\"_blank\" rel=\"noreferrer noopener\" aria-label=\"Presseberichte aus dem Jahr 1997  (\u00f6ffnet in neuem Tab)\"> <\/a><\/td><\/tr><tr><td> <a href=\"http:\/\/54163567.swh.strato-hosting.eu\/httpdocs\/presseberichte1998.htm\" target=\"_blank\" rel=\"noreferrer noopener\" aria-label=\"Presseberichte aus de (\u00f6ffnet in neuem Tab)\">Presseberichte aus de<\/a><a href=\"http:\/\/54163567.swh.strato-hosting.eu\/httpdocs\/presseberichte1998.htm\">m Jahr <strong>1998<\/strong><\/a> <\/td><td> <a href=\"http:\/\/54163567.swh.strato-hosting.eu\/httpdocs\/presseberichte1999.htm\">Pressebei<\/a><a href=\"http:\/\/54163567.swh.strato-hosting.eu\/httpdocs\/presseberichte1999.htm\" target=\"_blank\" rel=\"noreferrer noopener\" aria-label=\"chte aus dem Jahr 1999  (\u00f6ffnet in neuem Tab)\">chte aus dem Jahr <\/a><strong><a href=\"http:\/\/54163567.swh.strato-hosting.eu\/httpdocs\/presseberichte1999.htm\" target=\"_blank\" rel=\"noreferrer noopener\" aria-label=\"chte aus dem Jahr 1999  (\u00f6ffnet in neuem Tab)\">1999<\/a><\/strong><a href=\"http:\/\/54163567.swh.strato-hosting.eu\/httpdocs\/presseberichte1999.htm\" target=\"_blank\" rel=\"noreferrer noopener\" aria-label=\"chte aus dem Jahr 1999  (\u00f6ffnet in neuem Tab)\"> <\/a><\/td><\/tr><tr><td> <a href=\"http:\/\/54163567.swh.strato-hosting.eu\/httpdocs\/presseberichte2000.htm\" target=\"_blank\" rel=\"noreferrer noopener\" aria-label=\"Press (\u00f6ffnet in neuem Tab)\">Press<\/a><a href=\"http:\/\/54163567.swh.strato-hosting.eu\/httpdocs\/presseberichte2000.htm\">eberichte aus dem Jahr <strong>2000<\/strong><\/a> <\/td><td> <a href=\"http:\/\/54163567.swh.strato-hosting.eu\/httpdocs\/presseberichte2001.htm\">Press<\/a><a href=\"http:\/\/54163567.swh.strato-hosting.eu\/httpdocs\/presseberichte2001.htm\" target=\"_blank\" rel=\"noreferrer noopener\" aria-label=\"eberichte aus dem Jahr 2001 (\u00f6ffnet in neuem Tab)\">eberichte aus dem Jahr <\/a><strong><a href=\"http:\/\/54163567.swh.strato-hosting.eu\/httpdocs\/presseberichte2001.htm\" target=\"_blank\" rel=\"noreferrer noopener\" aria-label=\"eberichte aus dem Jahr 2001 (\u00f6ffnet in neuem Tab)\">2001<\/a><\/strong> <\/td><\/tr><tr><td> <a href=\"http:\/\/54163567.swh.strato-hosting.eu\/httpdocs\/presseberichte2002.htm\" target=\"_blank\" rel=\"noreferrer noopener\" aria-label=\" (\u00f6ffnet in neuem Tab)\">Presseberichte aus dem Jahr <\/a><strong><a href=\"http:\/\/54163567.swh.strato-hosting.eu\/httpdocs\/presseberichte2002.htm\" target=\"_blank\" rel=\"noreferrer noopener\" aria-label=\" (\u00f6ffnet in neuem Tab)\">2002<\/a><\/strong> <\/td><td> <a href=\"http:\/\/54163567.swh.strato-hosting.eu\/httpdocs\/presseberichte2003.htm\" target=\"_blank\" rel=\"noreferrer noopener\" aria-label=\" (\u00f6ffnet in neuem Tab)\">Presseberichte aus dem Jahr <\/a><strong><a href=\"http:\/\/54163567.swh.strato-hosting.eu\/httpdocs\/presseberichte2003.htm\" target=\"_blank\" rel=\"noreferrer noopener\" aria-label=\" (\u00f6ffnet in neuem Tab)\">2003<\/a><\/strong> <\/td><\/tr><tr><td> <a href=\"http:\/\/54163567.swh.strato-hosting.eu\/httpdocs\/presseberichte2004.htm\" target=\"_blank\" rel=\"noreferrer noopener\" aria-label=\" (\u00f6ffnet in neuem Tab)\">Presseberichte aus dem Jahr <\/a><strong><a href=\"http:\/\/54163567.swh.strato-hosting.eu\/httpdocs\/presseberichte2004.htm\" target=\"_blank\" rel=\"noreferrer noopener\" aria-label=\" (\u00f6ffnet in neuem Tab)\">2004<\/a><\/strong> <\/td><td> <a href=\"http:\/\/54163567.swh.strato-hosting.eu\/httpdocs\/presseberichte2005.htm\" target=\"_blank\" rel=\"noreferrer noopener\" aria-label=\" (\u00f6ffnet in neuem Tab)\">Presseberichte aus dem Jahr <\/a><strong><a href=\"http:\/\/54163567.swh.strato-hosting.eu\/httpdocs\/presseberichte2005.htm\" target=\"_blank\" rel=\"noreferrer noopener\" aria-label=\" (\u00f6ffnet in neuem Tab)\">2005<\/a><\/strong> <\/td><\/tr><tr><td> <a href=\"http:\/\/54163567.swh.strato-hosting.eu\/httpdocs\/presseberichte2006.htm\" target=\"_blank\" rel=\"noreferrer noopener\" aria-label=\" (\u00f6ffnet in neuem Tab)\">Presseberichte aus dem Jahr <\/a><strong><a href=\"http:\/\/54163567.swh.strato-hosting.eu\/httpdocs\/presseberichte2006.htm\" target=\"_blank\" rel=\"noreferrer noopener\" aria-label=\" (\u00f6ffnet in neuem Tab)\">2006<\/a><\/strong> <\/td><td> <a href=\"http:\/\/54163567.swh.strato-hosting.eu\/httpdocs\/presseberichte2007.htm\" target=\"_blank\" rel=\"noreferrer noopener\" aria-label=\" (\u00f6ffnet in neuem Tab)\">Presseberichte aus dem Jahr <\/a><strong><a href=\"http:\/\/54163567.swh.strato-hosting.eu\/httpdocs\/presseberichte2007.htm\" target=\"_blank\" rel=\"noreferrer noopener\" aria-label=\" (\u00f6ffnet in neuem Tab)\">2007<\/a><\/strong> <\/td><\/tr><tr><td> <a rel=\"noreferrer noopener\" href=\"http:\/\/54163567.swh.strato-hosting.eu\/httpdocs\/presseberichte2008.htm\" target=\"_blank\">Presseberichte aus dem Jahr <strong>2008<\/strong><\/a> <\/td><td> <a rel=\"noreferrer noopener\" href=\"http:\/\/54163567.swh.strato-hosting.eu\/httpdocs\/presseberichte2009.htm\" target=\"_blank\">Presseberichte aus dem Jahr <strong>2009<\/strong><\/a> <\/td><\/tr><tr><td> <a rel=\"noreferrer noopener\" href=\"http:\/\/54163567.swh.strato-hosting.eu\/httpdocs\/presseberichte2010.htm\" target=\"_blank\">Presseberichte aus dem Jahr <strong>2010<\/strong><\/a> <\/td><td><\/td><\/tr><tr><td><\/td><td><\/td><\/tr><tr><td><\/td><td><\/td><\/tr><tr><td><\/td><td><\/td><\/tr><tr><td><\/td><td><\/td><\/tr><tr><td><\/td><td><\/td><\/tr><tr><td><\/td><td><\/td><\/tr><\/tbody><\/table>\n\n\n\n<p style=\"text-align:center\"><strong>Um PDF-Dateien \u00f6ffnen zu k\u00f6nnen, ben\u00f6tigen Sie den Acrobat Reader. Dieser kann kostenlos unter <a href=\"http:\/\/www.adobe.de\/products\/acrobat\/readstep2.html\" target=\"_blank\" rel=\"noreferrer noopener\"> www.adobe.de<\/a> heruntergeladen werden.<\/strong><\/p>\n","protected":false},"excerpt":{"rendered":"<p>Hier finden Sie ein kleines Archiv an Zeitungsberichte \u00fcber die Narrenzunft Rohrdorf. Fr\u00fchere Zeitungsberichte \u00fcber die Eierknacker 1987,88,89 Presseberichte aus dem Jahr 1994 &amp; 1995 Presseberichte aus dem Jahr 1996 Presseberichte aus dem Jahr 1997 Presseberichte aus dem Jahr 1998 Pressebeichte aus dem Jahr 1999 Presseberichte aus dem Jahr 2000 Presseberichte aus dem Jahr 2001&hellip; <a href=\"https:\/\/nz-rohrdorf.de\/?page_id=93\" class=\"more-link\">Weiterlesen <span class=\"screen-reader-text\">Presseberichte<\/span><\/a><\/p>\n","protected":false},"author":1,"featured_media":0,"parent":0,"menu_order":0,"comment_status":"closed","ping_status":"closed","template":"templates\/full-width-page.php","meta":[],"_links":{"self":[{"href":"https:\/\/nz-rohrdorf.de\/index.php?rest_route=\/wp\/v2\/pages\/93"}],"collection":[{"href":"https:\/\/nz-rohrdorf.de\/index.php?rest_route=\/wp\/v2\/pages"}],"about":[{"href":"https:\/\/nz-rohrdorf.de\/index.php?rest_route=\/wp\/v2\/types\/page"}],"author":[{"embeddable":true,"href":"https:\/\/nz-rohrdorf.de\/index.php?rest_route=\/wp\/v2\/users\/1"}],"replies":[{"embeddable":true,"href":"https:\/\/nz-rohrdorf.de\/index.php?rest_route=%2Fwp%2Fv2%2Fcomments&post=93"}],"version-history":[{"count":2,"href":"https:\/\/nz-rohrdorf.de\/index.php?rest_route=\/wp\/v2\/pages\/93\/revisions"}],"predecessor-version":[{"id":233,"href":"https:\/\/nz-rohrdorf.de\/index.php?rest_route=\/wp\/v2\/pages\/93\/revisions\/233"}],"wp:attachment":[{"href":"https:\/\/nz-rohrdorf.de\/index.php?rest_route=%2Fwp%2Fv2%2Fmedia&parent=93"}],"curies":[{"name":"wp","href":"https:\/\/api.w.org\/{rel}","templated":true}]}}