{"id":83,"date":"2019-08-21T03:19:01","date_gmt":"2019-08-21T01:19:01","guid":{"rendered":"https:\/\/nzr91842604.wordpress.com\/?page_id=83"},"modified":"2019-08-21T03:19:01","modified_gmt":"2019-08-21T01:19:01","slug":"die-mauerholz-leut","status":"publish","type":"page","link":"https:\/\/nz-rohrdorf.de\/?page_id=83","title":{"rendered":"Die Mauerholz &#8211; Leut"},"content":{"rendered":"\n<p>Wer hofft, als Erkl\u00e4rung f\u00fcr die Herkunft der Mauerholz-Leut \n\t\t\t\t\tein ordentliches M\u00e4rchen aufgetischt zu bekommen, muss \n\t\t\t\t\tentt\u00e4uscht werden. Weder eine spannende Sage noch eine alte \n\t\t\t\t\tErz\u00e4hlung verbergen sich hinter den beiden Figuren der \n\t\t\t\t\tNarrenzunft Rohrdorf, die erstmals an der Fasnet 1998 der \n\t\t\t\t\t\u00d6ffentlichkeit pr\u00e4sentiert wurden.<br>\n\t\t\t\t\t\u00a0Doch ganz aus der Luft gegriffen sind die Mauerholz-Leut \n\t\t\t\t\tnicht.<br>\n\t\t\t\t\tWer sich in Rohrdorfs W\u00e4ldern gut auskennt, wei\u00df, dass es \n\t\t\t\t\tunweit vom im Volksmund genannten &#8222;Waldh\u00e4usle&#8220; ein Gewann \n\t\t\t\t\tmit dem Namen &#8222;Mauerholz&#8220; gibt. Der Volksmund hatte es \n\t\t\t\t\tzumindest so getauft. Denn in offiziellen B\u00fcchern und Karten \n\t\t\t\t\tist die Fl\u00e4che als &#8222;Auerholz&#8220; ausgewiesen.<br><br>\n\t\t\t\t\tWarum die Rohrdorfer vor den Namen ein &#8222;M&#8220; setzten, ist \n\t\t\t\t\tnicht bekannt. Nur soviel: Wenn fr\u00fcher Kinder nich brav \n\t\t\t\t\twaren, drohten die Eltern: &#8222;Wenn du et brav bischt, dann \n\t\t\t\t\tkommts Mauerholz-Weible und holt di!&#8220;Die Gestalt wurde in \n\t\t\t\t\tRohrdorf zwar nie gesichtet, doch soll die Drohung der \n\t\t\t\t\tErz\u00e4hlungen nach bei den Kindern gefruchtet haben. Von einem \n\t\t\t\t\tMann war allerdings nie die Rede. <br><br>\n\t\t\t\t\tDer Mauerholz-Mann ist, wenn man so will, eine Erfindung der \n\t\t\t\t\tRohrdorfer Eierknacker. Mit der Schaffung der m\u00e4nnlichen \n\t\t\t\t\tFigur sollte verhindert werden, da\u00df in der \u00d6ffentlichkeit \n\t\t\t\t\tder Eindruck entsteht, bei dieser Gruppe handle es sich um \n\t\t\t\t\teine Hexengruppe.<br>\n\t\t\t\t\tBeim Umzug verteilen die Mauerholz-Leut Tannenzapfen und \n\t\t\t\t\tS\u00fcssigkeiten.<\/p>\n","protected":false},"excerpt":{"rendered":"<p>Wer hofft, als Erkl\u00e4rung f\u00fcr die Herkunft der Mauerholz-Leut ein ordentliches M\u00e4rchen aufgetischt zu bekommen, muss entt\u00e4uscht werden. Weder eine spannende Sage noch eine alte Erz\u00e4hlung verbergen sich hinter den beiden Figuren der Narrenzunft Rohrdorf, die erstmals an der Fasnet 1998 der \u00d6ffentlichkeit pr\u00e4sentiert wurden. \u00a0Doch ganz aus der Luft gegriffen sind die Mauerholz-Leut nicht.&hellip; <a href=\"https:\/\/nz-rohrdorf.de\/?page_id=83\" class=\"more-link\">Weiterlesen <span class=\"screen-reader-text\">Die Mauerholz &#8211; Leut<\/span><\/a><\/p>\n","protected":false},"author":1,"featured_media":0,"parent":90,"menu_order":2,"comment_status":"closed","ping_status":"closed","template":"templates\/full-width-page.php","meta":[],"_links":{"self":[{"href":"https:\/\/nz-rohrdorf.de\/index.php?rest_route=\/wp\/v2\/pages\/83"}],"collection":[{"href":"https:\/\/nz-rohrdorf.de\/index.php?rest_route=\/wp\/v2\/pages"}],"about":[{"href":"https:\/\/nz-rohrdorf.de\/index.php?rest_route=\/wp\/v2\/types\/page"}],"author":[{"embeddable":true,"href":"https:\/\/nz-rohrdorf.de\/index.php?rest_route=\/wp\/v2\/users\/1"}],"replies":[{"embeddable":true,"href":"https:\/\/nz-rohrdorf.de\/index.php?rest_route=%2Fwp%2Fv2%2Fcomments&post=83"}],"version-history":[{"count":0,"href":"https:\/\/nz-rohrdorf.de\/index.php?rest_route=\/wp\/v2\/pages\/83\/revisions"}],"up":[{"embeddable":true,"href":"https:\/\/nz-rohrdorf.de\/index.php?rest_route=\/wp\/v2\/pages\/90"}],"wp:attachment":[{"href":"https:\/\/nz-rohrdorf.de\/index.php?rest_route=%2Fwp%2Fv2%2Fmedia&parent=83"}],"curies":[{"name":"wp","href":"https:\/\/api.w.org\/{rel}","templated":true}]}}