{"id":77,"date":"2019-08-21T03:14:15","date_gmt":"2019-08-21T01:14:15","guid":{"rendered":"https:\/\/nzr91842604.wordpress.com\/?page_id=77"},"modified":"2019-08-21T03:14:15","modified_gmt":"2019-08-21T01:14:15","slug":"der-eierknacker","status":"publish","type":"page","link":"https:\/\/nz-rohrdorf.de\/?page_id=77","title":{"rendered":"Der Eierknacker"},"content":{"rendered":"\n<p>Die Figur des Eierknackers \n\t\t\t\t\tgeht auf einen Sonderling zur\u00fcck, der in den \n\t\t\t\t\tNachkriegsjahren im Rohrdorfer Wald gehaust haben soll. In \n\t\t\t\t\tder N\u00e4he der Ruine Urnburg hatte er sich einen Felsspalt zur \n\t\t\t\t\t&#8222;Wohnh\u00f6hle&#8220; ausgebaut und lebte dort in den Sommermonaten.\u00a0\n\t\t\t\t\t<br>\n\t\t\t\t\tObwohl es sich um einen harmlosen Eigenbr\u00f6tler handelte, den \n\t\t\t\t\tman wohl als eine Mischung aus Heimatforscher und \n\t\t\t\t\tAmateurarch\u00e4ologe h\u00e4tte beschreiben k\u00f6nnen, drohten die \n\t\t\t\t\tEltern den ungezogenen Kindern mit dem &#8222;baisen Max&#8220;. Als \n\t\t\t\t\tSelbstversorger soll er den Rohrdorfern, die den Spitznamen \n\t\t\t\t\t&#8222;Heale&#8220; tragen, die Eier &#8222;unterm Hintern&#8220; weggeklaut und \n\t\t\t\t\tdann roh gegessen haben.<br><br>\n\t\t\t\t\tSeit Gr\u00fcndung der Eierknacker lebt dieser Sonderling in Form \n\t\t\t\t\tunserer Fasnetsfigur weiter und ist regelm\u00e4\u00dfig bei Umz\u00fcgen \n\t\t\t\t\tund Abendveranstaltungen in der Region und nat\u00fcrlich auch \n\t\t\t\t\tau\u00dferhalb zu sehen.<br><br>\n\t\t\t\t\t1992 wurde das H\u00e4s &#8211; als Wei\u00dfnarr &#8211; gr\u00fcndlich \u00fcberarbeitet \n\t\t\t\t\tund teilweise mit neuen Motiven versehen. Unter anderem ist \n\t\t\t\t\teine historische Dorfansicht aus dem Jahre 1910 abgebildet. \n\t\t\t\t\tDie Hosen zieren zwei Trachten, wie sie im vorigen \n\t\t\t\t\tJahrhundert im G\u00e4u getragen wurden. Auf der Maske sitzt eine \n\t\t\t\t\tHenne im Nest, dies soll das Symbol f\u00fcr unseren Spitznamen &#8222;Heale&#8220; \n\t\t\t\t\tsein. Um zu zeigen, da\u00df der Eierknacker die geklauten Eier \n\t\t\t\t\troh gegessen hat, tr\u00e4gt die Maske ein Ei im Mund. Bei den \n\t\t\t\t\tUmz\u00fcgen wird H\u00fchnerfutter gestreut und auch hartgekochte \n\t\t\t\t\tEier an die Zuschauer verteilt.<\/p>\n\n\n\n<p><\/p>\n","protected":false},"excerpt":{"rendered":"<p>Die Figur des Eierknackers geht auf einen Sonderling zur\u00fcck, der in den Nachkriegsjahren im Rohrdorfer Wald gehaust haben soll. In der N\u00e4he der Ruine Urnburg hatte er sich einen Felsspalt zur &#8222;Wohnh\u00f6hle&#8220; ausgebaut und lebte dort in den Sommermonaten.\u00a0 Obwohl es sich um einen harmlosen Eigenbr\u00f6tler handelte, den man wohl als eine Mischung aus Heimatforscher&hellip; <a href=\"https:\/\/nz-rohrdorf.de\/?page_id=77\" class=\"more-link\">Weiterlesen <span class=\"screen-reader-text\">Der Eierknacker<\/span><\/a><\/p>\n","protected":false},"author":1,"featured_media":0,"parent":90,"menu_order":0,"comment_status":"closed","ping_status":"closed","template":"templates\/full-width-page.php","meta":[],"_links":{"self":[{"href":"https:\/\/nz-rohrdorf.de\/index.php?rest_route=\/wp\/v2\/pages\/77"}],"collection":[{"href":"https:\/\/nz-rohrdorf.de\/index.php?rest_route=\/wp\/v2\/pages"}],"about":[{"href":"https:\/\/nz-rohrdorf.de\/index.php?rest_route=\/wp\/v2\/types\/page"}],"author":[{"embeddable":true,"href":"https:\/\/nz-rohrdorf.de\/index.php?rest_route=\/wp\/v2\/users\/1"}],"replies":[{"embeddable":true,"href":"https:\/\/nz-rohrdorf.de\/index.php?rest_route=%2Fwp%2Fv2%2Fcomments&post=77"}],"version-history":[{"count":0,"href":"https:\/\/nz-rohrdorf.de\/index.php?rest_route=\/wp\/v2\/pages\/77\/revisions"}],"up":[{"embeddable":true,"href":"https:\/\/nz-rohrdorf.de\/index.php?rest_route=\/wp\/v2\/pages\/90"}],"wp:attachment":[{"href":"https:\/\/nz-rohrdorf.de\/index.php?rest_route=%2Fwp%2Fv2%2Fmedia&parent=77"}],"curies":[{"name":"wp","href":"https:\/\/api.w.org\/{rel}","templated":true}]}}