{"id":7,"date":"2019-07-03T09:25:30","date_gmt":"2019-07-03T07:25:30","guid":{"rendered":"https:\/\/nzr91842604.wordpress.com\/?page_id=3"},"modified":"2023-12-02T13:17:39","modified_gmt":"2023-12-02T13:17:39","slug":"kontakt","status":"publish","type":"page","link":"https:\/\/nz-rohrdorf.de\/?page_id=7","title":{"rendered":"Kontakt"},"content":{"rendered":"<header class=\"entry-header\">\n<p align=\"center\">die Heimat unserer Zunft liegt \u2026<\/p>\n<p align=\"center\">im Ortsteil Rohrdorf der Gesamtgemeinde 72184 Eutingen im G\u00e4u, dies ist die \u00f6stlichste Gemeinde des<br>Landkreises Freudenstadt in Baden-W\u00fcrttemberg und geh\u00f6rt zur Randzone<br>der Metropolregion Stuttgart.<\/p>\n<\/header>\n\n\n<figure class=\"wp-block-table\"><table><tbody><tr><td><strong>1. Vorsitzende<\/strong><\/td><td><strong> 1. Vorsitzender  <\/strong><\/td><\/tr><tr><td>Bianca Fuhrer<br> Vorstand(at)nz-rohrdorf.de<\/td><td>Alexander Michel<br> Vorstand(at)nz-rohrdorf.de<\/td><\/tr><tr><td><strong> 2.Vorsitzende<\/strong><\/td><td><strong>Schriftf\u00fchrerin<\/strong><\/td><\/tr><tr><td>Anja Christall<br> Vorstand(at)nz-rohrdorf.de<\/td><td>Kathrin Steinle<br>schriftfuehrer(at)nz-rohrdorf.de<\/td><\/tr><tr><td><strong>Finanzen \/ Mitgliederverwaltung<\/strong><\/td><td><strong>Jugend (Kindertanzgarde)<\/strong><\/td><\/tr><tr><td>Michael Renz<br> kassier(at)nz-rohrdorf.de<\/td><td>Marina\u00a0Wei\u00df<br>jugendleiter(at)nz-rohrdorf.de<\/td><\/tr><tr><td><\/td><td><\/td><\/tr><\/tbody><\/table><\/figure>\n","protected":false},"excerpt":{"rendered":"<p>die Heimat unserer Zunft liegt \u2026 im Ortsteil Rohrdorf der Gesamtgemeinde 72184 Eutingen im G\u00e4u, dies ist die \u00f6stlichste Gemeinde desLandkreises Freudenstadt in Baden-W\u00fcrttemberg und geh\u00f6rt zur Randzoneder Metropolregion Stuttgart. 1. Vorsitzende 1. Vorsitzender Bianca Fuhrer Vorstand(at)nz-rohrdorf.de Alexander Michel Vorstand(at)nz-rohrdorf.de 2.Vorsitzende Schriftf\u00fchrerin Anja Christall Vorstand(at)nz-rohrdorf.de Kathrin Steinleschriftfuehrer(at)nz-rohrdorf.de Finanzen \/ Mitgliederverwaltung Jugend (Kindertanzgarde) Michael Renz kassier(at)nz-rohrdorf.de&hellip; <a href=\"https:\/\/nz-rohrdorf.de\/?page_id=7\" class=\"more-link\">Weiterlesen <span class=\"screen-reader-text\">Kontakt<\/span><\/a><\/p>\n","protected":false},"author":1,"featured_media":0,"parent":0,"menu_order":2,"comment_status":"closed","ping_status":"closed","template":"templates\/full-width-page.php","meta":[],"_links":{"self":[{"href":"https:\/\/nz-rohrdorf.de\/index.php?rest_route=\/wp\/v2\/pages\/7"}],"collection":[{"href":"https:\/\/nz-rohrdorf.de\/index.php?rest_route=\/wp\/v2\/pages"}],"about":[{"href":"https:\/\/nz-rohrdorf.de\/index.php?rest_route=\/wp\/v2\/types\/page"}],"author":[{"embeddable":true,"href":"https:\/\/nz-rohrdorf.de\/index.php?rest_route=\/wp\/v2\/users\/1"}],"replies":[{"embeddable":true,"href":"https:\/\/nz-rohrdorf.de\/index.php?rest_route=%2Fwp%2Fv2%2Fcomments&post=7"}],"version-history":[{"count":17,"href":"https:\/\/nz-rohrdorf.de\/index.php?rest_route=\/wp\/v2\/pages\/7\/revisions"}],"predecessor-version":[{"id":378,"href":"https:\/\/nz-rohrdorf.de\/index.php?rest_route=\/wp\/v2\/pages\/7\/revisions\/378"}],"wp:attachment":[{"href":"https:\/\/nz-rohrdorf.de\/index.php?rest_route=%2Fwp%2Fv2%2Fmedia&parent=7"}],"curies":[{"name":"wp","href":"https:\/\/api.w.org\/{rel}","templated":true}]}}