{"id":202,"date":"2019-08-21T21:27:26","date_gmt":"2019-08-21T21:27:26","guid":{"rendered":"http:\/\/nz-rohrdorf.de\/?page_id=202"},"modified":"2019-08-21T21:37:34","modified_gmt":"2019-08-21T21:37:34","slug":"zunftgeschichte","status":"publish","type":"page","link":"https:\/\/nz-rohrdorf.de\/?page_id=202","title":{"rendered":"Zunftgeschichte"},"content":{"rendered":"\n<p><strong>Die Narrenzunft Rohrdorf 1976 e.V.<\/strong><\/p>\n\n\n\n<figure class=\"wp-block-image\"><img loading=\"lazy\" width=\"1024\" height=\"682\" src=\"http:\/\/nz-rohrdorf.de\/wp-content\/uploads\/2019\/08\/collage-leinwand55-1-1024x682.jpg\" alt=\"\" class=\"wp-image-199\" srcset=\"https:\/\/nz-rohrdorf.de\/wp-content\/uploads\/2019\/08\/collage-leinwand55-1-1024x682.jpg 1024w, https:\/\/nz-rohrdorf.de\/wp-content\/uploads\/2019\/08\/collage-leinwand55-1-300x200.jpg 300w, https:\/\/nz-rohrdorf.de\/wp-content\/uploads\/2019\/08\/collage-leinwand55-1-768x512.jpg 768w, https:\/\/nz-rohrdorf.de\/wp-content\/uploads\/2019\/08\/collage-leinwand55-1.jpg 1772w\" sizes=\"(max-width: 1024px) 100vw, 1024px\" \/><\/figure>\n\n\n<p>Wenn gleich die Rohrdorfer Narrenzunft erst seit dem Jahr 1994 ein eingetragener Verein ist, so k\u00f6nnen wir doch auf eine \u00fcber 40 j\u00e4hrige Fasnetstradition zur\u00fcckblicken. Dieser Umstand h\u00e4ngt damit zusammen, dass die Mitglieder der &#8222;Eierknacker&#8220; fast zwei Jahrzehnte lang in der Eutinger Narrenzunft integriert waren. &nbsp;Dass sich vor so vielen Jahren fasnetsbegeisterte Rohrdorfer in Richtung Eutingen orientierten, ist sicherlich ungew\u00f6hnlich, hatte aber seinen guten Grund: Zu diesem Zeitpunkt beteiligten sich etliche Einwohner des kleinsten Eutinger Teilortes mit Fasnetsw\u00e4gen und Fu\u00dfgruppen regelm\u00e4\u00dfig an den Umz\u00fcgen in Eutingen. 1976 kam schlie\u00dflich der Gedanke auf, eine Maskengruppe auf die Beine zu stellen und diese der Eutinger Narrenzunft anzugliedern.<\/p>\n<p><strong>Der Eierknacker<\/strong><\/p>\n<p>wird zum Leben erweckt Am 7. November 1976 wurde der Eierknacker aus der Taufe gehoben. Zur Gr\u00fcnderzeit z\u00e4hlte die Gruppe 12 Personen. Beim Ringtreffen am 5. Februar 1977 in M\u00fchringen wurde die Maske erstmals der \u00d6ffentlichkeit vorgestellt. 17 Jahre sp\u00e4ter hatte sich die Situation, trotz eigentlich guter Verh\u00e4ltnisse zur Narrenzunft Eutingen, ge\u00e4ndert. Nicht zuletzt wegen der Errichtung der Rohrdorfer Gemeindehalle und den damit verbundenen M\u00f6glichkeiten, Veranstaltungen selbst zu organisieren, kam nach der Fasnet 1994 der Wunsch auf, sich von der Eutinger Narrenzunft zu trennen und einen eigenen Verein zu gr\u00fcnden. Im Jahr eins nach der Trennung z\u00e4hlte der Verein bereits 30 aktive und 50 passive Mitglieder.&nbsp;<\/p>\n<p><strong>Eine weitere Maskengruppe bereichert die Narrenzunft <\/strong><\/p>\n<p>An der Fasnet 1998 lief zum ersten Mal unsere neue Maskengruppe die <strong>&#8222;Mauerholz-Leut&#8220;<\/strong> mit. Unter dieser Maske verbargen sich anfangs die &#8222;\u00e4lteren&#8220; Eierknacker, die es ruhiger und gem\u00fctlicher angehen lassen wollten. Mittlerweile hat sich dies etwas ge\u00e4ndert, und auch die j\u00fcngeren Narren laufen nun in diesem H\u00e4s. So sind die Mauerholzleut mittlerweile als ganz lebendiger Haufen zu bezeichnen, welche die Rohrdorfer Fasnet sicherlich bereichern.<\/p>\n<p><strong>Ereignisse der Vereinsgeschichte<\/strong><\/p>\n<p>Unser 25j\u00e4hriges und 30 j\u00e4hriges Jubil\u00e4um wurden mit gro\u00dfen Jubil\u00e4ums-Umz\u00fcgen und gro\u00dfen Veranstaltungen im ganzen Ort gefeiert. An diesen Tagen haben mehr Narren mit uns gefeiert, als wir in Rohrdorf Einwohner z\u00e4hlten. Mittlerweile ist der Verein ins sogenannte &#8222;Schwabenalter&#8220; eingetreten. Mit 40 wird da Schwoab erst gscheit, und so wurde im Jahre 2016 das Jubil\u00e4um mit einem gro\u00dfen Narrentreffen gefeiert. Befreundete Z\u00fcnfte aus Nah und Fern erteilten uns die Ehre, und feierten gemeinsam mit uns unseren runden Geburtstag. Mittlerweile z\u00e4hlt der Verein an die 190 Mitglieder. Davon ca. 80 Aktiv und 110 Passiv. Unser Narrensamen z\u00e4hlt stolze 30 Kinder und Jugendliche.<\/p>\n<p><\/p>\n\n\n<p><strong>Unser Narrenruf<\/strong><br><br>Eier &#8211; knacker<br>Eier &#8211; knacker<br>Eier &#8211; knacker<br>Bibbele &#8211; oi<br>Bibbele &#8211; oi<br>Bibbele &#8211; oi, oi, oi<\/p>\n\n\n\n<p> Und <\/p>\n\n\n\n<p> Mauerholz &#8211; Leut<br>Mauerholz &#8211; Leut<br>Mauerholz \u2013 Leut \n\n<\/p>\n\n\n\n<figure class=\"wp-block-image\"><img loading=\"lazy\" width=\"1024\" height=\"683\" src=\"http:\/\/nz-rohrdorf.de\/wp-content\/uploads\/2019\/08\/collage_ohne-1024x683.jpg\" alt=\"\" class=\"wp-image-197\" srcset=\"https:\/\/nz-rohrdorf.de\/wp-content\/uploads\/2019\/08\/collage_ohne-1024x683.jpg 1024w, https:\/\/nz-rohrdorf.de\/wp-content\/uploads\/2019\/08\/collage_ohne-300x200.jpg 300w, https:\/\/nz-rohrdorf.de\/wp-content\/uploads\/2019\/08\/collage_ohne-768x512.jpg 768w\" sizes=\"(max-width: 1024px) 100vw, 1024px\" \/><\/figure>\n","protected":false},"excerpt":{"rendered":"<p>Die Narrenzunft Rohrdorf 1976 e.V. Wenn gleich die Rohrdorfer Narrenzunft erst seit dem Jahr 1994 ein eingetragener Verein ist, so k\u00f6nnen wir doch auf eine \u00fcber 40 j\u00e4hrige Fasnetstradition zur\u00fcckblicken. Dieser Umstand h\u00e4ngt damit zusammen, dass die Mitglieder der &#8222;Eierknacker&#8220; fast zwei Jahrzehnte lang in der Eutinger Narrenzunft integriert waren. &nbsp;Dass sich vor so vielen&hellip; <a href=\"https:\/\/nz-rohrdorf.de\/?page_id=202\" class=\"more-link\">Weiterlesen <span class=\"screen-reader-text\">Zunftgeschichte<\/span><\/a><\/p>\n","protected":false},"author":1,"featured_media":0,"parent":0,"menu_order":0,"comment_status":"closed","ping_status":"closed","template":"templates\/full-width-page.php","meta":[],"_links":{"self":[{"href":"https:\/\/nz-rohrdorf.de\/index.php?rest_route=\/wp\/v2\/pages\/202"}],"collection":[{"href":"https:\/\/nz-rohrdorf.de\/index.php?rest_route=\/wp\/v2\/pages"}],"about":[{"href":"https:\/\/nz-rohrdorf.de\/index.php?rest_route=\/wp\/v2\/types\/page"}],"author":[{"embeddable":true,"href":"https:\/\/nz-rohrdorf.de\/index.php?rest_route=\/wp\/v2\/users\/1"}],"replies":[{"embeddable":true,"href":"https:\/\/nz-rohrdorf.de\/index.php?rest_route=%2Fwp%2Fv2%2Fcomments&post=202"}],"version-history":[{"count":2,"href":"https:\/\/nz-rohrdorf.de\/index.php?rest_route=\/wp\/v2\/pages\/202\/revisions"}],"predecessor-version":[{"id":205,"href":"https:\/\/nz-rohrdorf.de\/index.php?rest_route=\/wp\/v2\/pages\/202\/revisions\/205"}],"wp:attachment":[{"href":"https:\/\/nz-rohrdorf.de\/index.php?rest_route=%2Fwp%2Fv2%2Fmedia&parent=202"}],"curies":[{"name":"wp","href":"https:\/\/api.w.org\/{rel}","templated":true}]}}