{"id":113,"date":"2019-08-21T03:47:45","date_gmt":"2019-08-21T01:47:45","guid":{"rendered":"https:\/\/nzr91842604.wordpress.com\/?page_id=113"},"modified":"2019-08-21T17:55:24","modified_gmt":"2019-08-21T17:55:24","slug":"lauf-haesordnung","status":"publish","type":"page","link":"https:\/\/nz-rohrdorf.de\/?page_id=113","title":{"rendered":"Lauf &#038; H\u00e4sordnung"},"content":{"rendered":"\n<div class=\"wp-block-file\"><a href=\"http:\/\/nz-rohrdorf.de\/wp-content\/uploads\/2019\/08\/Haes_und-Laufordnung_14_11_2007.pdf\">Haes_und-Laufordnung_14_11_2007<\/a><a href=\"http:\/\/nz-rohrdorf.de\/wp-content\/uploads\/2019\/08\/Haes_und-Laufordnung_14_11_2007.pdf\" class=\"wp-block-file__button\" download>Herunterladen<\/a><\/div>\n\n\n\n<p>Das n\u00e4rrische Brauchtum der Zunft soll aus der Landschaft kommen, mit ihr verwurzelt sein und sich mit der heimischen Bev\u00f6lkerung identifizieren. \u00d6rtliche Begebenheiten und Verh\u00e4ltnisse sollen dabei im Vordergrund stehen.<br>\nDie Zunftfiguren sollen sowohl dem Namen nach als auch in Kleidung und Aufmachung dem \u00f6rtlichen Fasnetsbrauch angepasst sein. Ein Auftreten der Zunftfiguren au\u00dferhalb der Fasnetzeit (vor Dreik\u00f6nig und nach Aschermittwoch) sollte unterbleiben, mit Ausnahme von alten \u00f6rtlichen Fasnetsbr\u00e4uchen vor oder nach diesen Terminen (z.B. Weiherecht, Baura- oder Alte Fasnet).<br>\nDie folgenden Punkte sind von allen Aktiven Mitgliedern der Narrenzunft Rohrdorf bei Umz\u00fcgen und Abendveranstaltungen einzuhalten. Grunds\u00e4tzlich sollen Maskentr\u00e4ger alles unterlassen, was den Ruf der eigenen Zunft sch\u00e4digen k\u00f6nnte. Auch sollen sich alle Maskentr\u00e4ger w\u00e4hrend den Umz\u00fcge oder sonstigen Brauchtumsvorf\u00fchrungen gegen\u00fcber den Zuschauern anst\u00e4ndig und untadelig benehmen. Auf keinen Fall d\u00fcrfen Zuschauer beleidigt, bel\u00e4stigt oder gar gesch\u00e4digt werden.<br>\nH\u00e4sordnung:<br>\nDer Eierknacker<\/p>\n\n\n\n<ol><li>Es sollte stets auf sauberes H\u00e4s geachtet werden.<\/li><li>Es sollten keine Sweatshirts, T-Shirts oder Haare unter der Jacke oder Maske hervorschauen.<\/li><li>Es sollten dunkle Halbschuhe oder Stiefel getragen werden &#8211; keine Turnschuhe.<\/li><li>Schellen, Maske und Anzug sollten immer in einwandfreiem Zustand sein<br> (keine L\u00f6cher oder gr\u00f6\u00dfere Flecken).<\/li><li>Zu jedem Eierknacker geh\u00f6ren grunds\u00e4tzlich bei jedem Auftritt saubere, wei\u00dfe Handschuhe.<br> Die Mauerholz-Leut<\/li><li>Es sollte stets auf sauberes H\u00e4s geachtet werden.<\/li><li>Es sollten keine Sweatshirts, T-Shirts oder Haare unter der Bluse oder Maske hervorschauen.<\/li><li>Es sollten dunkle Halbschuhe oder Stiefel getragen werden &#8211; keine Turnschuhe.<\/li><li>Bluse, Rock, Sch\u00fcrze sollten immer in einwandfreiem Zustand sein(keine L\u00f6cher oder gr\u00f6\u00dfere Flecken).<\/li><li>Die Mauerholz-Leut tragen passend zu der braun\/gr\u00fcnen Kleidung braune Handschuhe.<br> Der Zunftrat<\/li><li>Es sollte stets auf sauberes H\u00e4s geachtet werden.<\/li><li>Es sollten keine Sweatshirts, T-Shirts unter dem Hemd oder der Weste hervorschauen.<\/li><li>Es sollten dunkle Halbschuhe getragen werden &#8211; keine Turnschuhe.<\/li><li>Kniebundhose, Hemd, Weste, Rotkittel, Hut und Feder sollten immer in einwandfreiem Zustand sein<br> (keine L\u00f6cher oder gr\u00f6\u00dfere Flecken haben).<\/li><li>Die Zunft- oder Narrenr\u00e4ten tragen wei\u00dfe Handschuhe.<br> Die Kindertanzgarde<\/li><li>Es sollte stets auf sauberes H\u00e4s geachtet werden.<\/li><li>Es sollten keine Sweatshirts, T-Shirts unter dem Hemd oder der Weste hervorschauen.<\/li><li>Es sollten schwarze Stiefel und wei\u00dfe Strumpfhosen getragen werden &#8211; keine Halbschuhe.<\/li><li>Im Winter sollen einheitlich wei\u00dfe Stulpen getragen werden.<\/li><li>Die Tanzgarde-M\u00e4dchen tragen bei jedem Auftritt saubere, wei\u00dfe Handschuhe.<br> Laufordnung:<\/li><li>Es sollte beim Einlauf und der Vorstellung auf die B\u00fchne oder bei Umz\u00fcgen stets im Takt gesprungen werden.<\/li><li>Bei den Umz\u00fcgen sollten immer alle K\u00f6rbe im Einsatz sein und gleichm\u00e4\u00dfig gef\u00fcllt sein.<\/li><li>Die K\u00f6rbe sollten abwechselnd benutzt werden, nicht immer von denselben Personen.<\/li><li>Es d\u00fcrfen zu den Umz\u00fcgen keinen Federn\/Konfetti oder andere Schnipsel mitgenommen werden<br> (Dies ist meistens von den ausrichtenden Z\u00fcnften schon im voraus verboten oder unter Strafe gestellt).<\/li><li>W\u00e4hrend der Umz\u00fcge sollten die Eierknacker in zwei Reihen mit einem Abstand von einem Meter<br> zur\/m Vorderfrau\/-mann.<\/li><li>Gibt es bei den Umz\u00fcgen einen Stillstand, dann h\u00e4ngen wir uns gegenseitig ein und schunkeln zur Musik und stehen nicht auf der Stra\u00dfe herum. Es kann auch Schabernack mit den Umzugsbesuchern gemacht werden.<\/li><li>Bei Umz\u00fcgen muss man sich vor Umzugsbeginn bei der Aufstellung einfinden, so dass ein gemeinsamer Auftritt beim Umzug von Anfang an sichergestellt ist.<br> (Keine Einstiege in den Umzug w\u00e4hrend der Umzugsstrecke)<\/li><li>Bei Umz\u00fcgen sollte immer abwechselnd von den Jugendlichen der Zunft die Zunft Tafel getragen werden<br> Verhaltensregeln:<\/li><li>Personen, die sichtlich alkoholisierte sind, werden bei der Abfahrt zu Veranstaltungen\/Umz\u00fcgen nicht mehr mitgenommen, d.h. sie werden nicht in den Bus gelassen und haben der Veranstaltungen\/Umz\u00fcgen fern zu bleiben, um dem Gesamtbild der Zunft nicht zu schaden (Ring appellierte schon an die Z\u00fcnfte) !!<\/li><li>Die gesamte Zunft sollte bei Abendveranstaltungen so lange am reservierten Tisch bleiben, bis die eigene Zunft vorgestellt wurde oder unsere Showtanzgruppe ihren Auftritt hatte.<\/li><li>Dies zeigt auch den Respekt gegen\u00fcber unseren T\u00e4nzern und auch das Gesamtbild der Zunft wird dadurch gest\u00e4rkt (Ring appellierte schon an die Z\u00fcnfte).<\/li><li>Beim Maskenabstauben am 6.1. muss das H\u00e4s (ohne Schellen und Masken) getragen werden, da dies die offizielle Fasnetser\u00f6ffnung der schw\u00e4bisch-allemanischen Fasnet ist.<\/li><li>Bei Veranstaltungen ist unter dem H\u00e4s entweder das T-Shirt oder das Sweatshirt der NZR zu tragen, so dass wir immer als NZR-Mitglieder zu erkennen sind.<br><br>gez. Oktober \u00b407 Vorstandschaft der Narrenzunft Rohrdorf 1976 e.V<\/li><\/ol>\n","protected":false},"excerpt":{"rendered":"<p>Das n\u00e4rrische Brauchtum der Zunft soll aus der Landschaft kommen, mit ihr verwurzelt sein und sich mit der heimischen Bev\u00f6lkerung identifizieren. \u00d6rtliche Begebenheiten und Verh\u00e4ltnisse sollen dabei im Vordergrund stehen. Die Zunftfiguren sollen sowohl dem Namen nach als auch in Kleidung und Aufmachung dem \u00f6rtlichen Fasnetsbrauch angepasst sein. Ein Auftreten der Zunftfiguren au\u00dferhalb der Fasnetzeit&hellip; <a href=\"https:\/\/nz-rohrdorf.de\/?page_id=113\" class=\"more-link\">Weiterlesen <span class=\"screen-reader-text\">Lauf &#038; H\u00e4sordnung<\/span><\/a><\/p>\n","protected":false},"author":1,"featured_media":0,"parent":0,"menu_order":0,"comment_status":"closed","ping_status":"closed","template":"","meta":[],"_links":{"self":[{"href":"https:\/\/nz-rohrdorf.de\/index.php?rest_route=\/wp\/v2\/pages\/113"}],"collection":[{"href":"https:\/\/nz-rohrdorf.de\/index.php?rest_route=\/wp\/v2\/pages"}],"about":[{"href":"https:\/\/nz-rohrdorf.de\/index.php?rest_route=\/wp\/v2\/types\/page"}],"author":[{"embeddable":true,"href":"https:\/\/nz-rohrdorf.de\/index.php?rest_route=\/wp\/v2\/users\/1"}],"replies":[{"embeddable":true,"href":"https:\/\/nz-rohrdorf.de\/index.php?rest_route=%2Fwp%2Fv2%2Fcomments&post=113"}],"version-history":[{"count":3,"href":"https:\/\/nz-rohrdorf.de\/index.php?rest_route=\/wp\/v2\/pages\/113\/revisions"}],"predecessor-version":[{"id":181,"href":"https:\/\/nz-rohrdorf.de\/index.php?rest_route=\/wp\/v2\/pages\/113\/revisions\/181"}],"wp:attachment":[{"href":"https:\/\/nz-rohrdorf.de\/index.php?rest_route=%2Fwp%2Fv2%2Fmedia&parent=113"}],"curies":[{"name":"wp","href":"https:\/\/api.w.org\/{rel}","templated":true}]}}